{"id":220,"date":"2020-12-15T22:35:43","date_gmt":"2020-12-15T22:35:43","guid":{"rendered":"http:\/\/superdonpepe.com\/?post_type=product&#038;p=220"},"modified":"2022-09-05T21:06:47","modified_gmt":"2022-09-05T21:06:47","slug":"espinaca-popeye-284-gramos","status":"publish","type":"product","link":"https:\/\/superdonpepe.com\/index.php\/producto\/espinaca-popeye-284-gramos\/","title":{"rendered":"Espinaca Popeye 284 gr"},"content":{"rendered":"<p>La\u00a0espinaca\u00a0est\u00e1 compuesta en un 93% por agua. Tiene gran cantidad de nutrientes, rica en fibra (sobretodo el tallo) y\u00a0muy poco aporte cal\u00f3rico. Es uno de los vegetales que m\u00e1s prote\u00ednas contiene. Si bien es cierto que contiene hierro, no es el mineral por el que destaca. S\u00ed es muy\u00a0rica en vitaminas,\u00a0sobretodo del grupo A, C y E y \u00e1cido f\u00f3lico (vitamina B9). Y tiene unas magn\u00edficas propiedades antioxidantes.<\/p>\n","protected":false},"excerpt":{"rendered":"<p>La\u00a0espinaca\u00a0est\u00e1 compuesta en un 93% por agua. Tiene gran cantidad de nutrientes, rica en fibra (sobretodo el tallo) y\u00a0muy poco aporte cal\u00f3rico. Es uno de los vegetales que m\u00e1s prote\u00ednas contiene. Si bien es cierto que contiene hierro, no es el mineral por el que destaca. S\u00ed es muy\u00a0rica en vitaminas,\u00a0sobretodo del grupo A, C [&hellip;]<\/p>\n","protected":false},"featured_media":5514,"comment_status":"closed","ping_status":"closed","template":"","meta":[],"class_list":{"0":"post-220","1":"product","2":"type-product","3":"status-publish","4":"has-post-thumbnail","5":"hentry","6":"product_cat-futas-y-verduras","7":"product_cat-ensalada","8":"entry","9":"has-media","11":"owp-thumbs-layout-horizontal","12":"owp-btn-normal","13":"owp-tabs-layout-horizontal","14":"has-no-thumbnails"},"_links":{"self":[{"href":"https:\/\/superdonpepe.com\/index.php\/wp-json\/wp\/v2\/product\/220","targetHints":{"allow":["GET"]}}],"collection":[{"href":"https:\/\/superdonpepe.com\/index.php\/wp-json\/wp\/v2\/product"}],"about":[{"href":"https:\/\/superdonpepe.com\/index.php\/wp-json\/wp\/v2\/types\/product"}],"replies":[{"embeddable":true,"href":"https:\/\/superdonpepe.com\/index.php\/wp-json\/wp\/v2\/comments?post=220"}],"wp:featuredmedia":[{"embeddable":true,"href":"https:\/\/superdonpepe.com\/index.php\/wp-json\/wp\/v2\/media\/5514"}],"wp:attachment":[{"href":"https:\/\/superdonpepe.com\/index.php\/wp-json\/wp\/v2\/media?parent=220"}],"curies":[{"name":"wp","href":"https:\/\/api.w.org\/{rel}","templated":true}]}}