{"id":230,"date":"2020-12-16T15:23:02","date_gmt":"2020-12-16T15:23:02","guid":{"rendered":"http:\/\/superdonpepe.com\/?post_type=product&#038;p=230"},"modified":"2025-12-09T21:18:31","modified_gmt":"2025-12-09T21:18:31","slug":"lechuga-orejona-mr-lucky","status":"publish","type":"product","link":"https:\/\/superdonpepe.com\/index.php\/producto\/lechuga-orejona-mr-lucky\/","title":{"rendered":"Lechuga orejona Mr Lucky"},"content":{"rendered":"<p><strong>La\u00a0<b>lechuga<\/b> Orejona\u00a0<b>Mr<\/b>.\u00a0<b>Lucky<\/b>\u00a0es una\u00a0<b>lechuga<\/b> alargada de textura crujiente y color verde intenso, aunque hacia su centro las hojas son de un verde m\u00e1s claro, m\u00e1s p\u00e1lido. De sabor ligeramente amargo, la costilla de sus hojas es de textura y sabor muy especiales.<\/strong><\/p>\n","protected":false},"excerpt":{"rendered":"<p>La\u00a0lechuga Orejona\u00a0Mr.\u00a0Lucky\u00a0es una\u00a0lechuga alargada de textura crujiente y color verde intenso, aunque hacia su centro las hojas son de un verde m\u00e1s claro, m\u00e1s p\u00e1lido. De sabor ligeramente amargo, la costilla de sus hojas es de textura y sabor muy especiales.<\/p>\n","protected":false},"featured_media":5518,"comment_status":"closed","ping_status":"closed","template":"","meta":[],"class_list":{"0":"post-230","1":"product","2":"type-product","3":"status-publish","4":"has-post-thumbnail","5":"hentry","6":"product_cat-futas-y-verduras","7":"product_cat-ensalada","8":"entry","9":"has-media","11":"owp-thumbs-layout-horizontal","12":"owp-btn-normal","13":"owp-tabs-layout-horizontal","14":"has-no-thumbnails"},"_links":{"self":[{"href":"https:\/\/superdonpepe.com\/index.php\/wp-json\/wp\/v2\/product\/230","targetHints":{"allow":["GET"]}}],"collection":[{"href":"https:\/\/superdonpepe.com\/index.php\/wp-json\/wp\/v2\/product"}],"about":[{"href":"https:\/\/superdonpepe.com\/index.php\/wp-json\/wp\/v2\/types\/product"}],"replies":[{"embeddable":true,"href":"https:\/\/superdonpepe.com\/index.php\/wp-json\/wp\/v2\/comments?post=230"}],"wp:featuredmedia":[{"embeddable":true,"href":"https:\/\/superdonpepe.com\/index.php\/wp-json\/wp\/v2\/media\/5518"}],"wp:attachment":[{"href":"https:\/\/superdonpepe.com\/index.php\/wp-json\/wp\/v2\/media?parent=230"}],"curies":[{"name":"wp","href":"https:\/\/api.w.org\/{rel}","templated":true}]}}