{"id":236,"date":"2020-12-16T17:01:04","date_gmt":"2020-12-16T17:01:04","guid":{"rendered":"http:\/\/superdonpepe.com\/?post_type=product&#038;p=236"},"modified":"2022-04-02T20:28:46","modified_gmt":"2022-04-02T20:28:46","slug":"apio","status":"publish","type":"product","link":"https:\/\/superdonpepe.com\/index.php\/producto\/apio\/","title":{"rendered":"Apio por pieza"},"content":{"rendered":"<p>El\u00a0apio, rico en fibra, es tambi\u00e9n un excelente regulador del tr\u00e1nsito intestinal. Previene el estre\u00f1imiento, favorece una buena digesti\u00f3n, estimula los jugos g\u00e1stricos y hace venir la gana y como otras plantas afines, combate los gases, la hinchaz\u00f3n abdominal, los meteorismos y la aerofagia.<\/p>\n","protected":false},"excerpt":{"rendered":"<p>El\u00a0apio, rico en fibra, es tambi\u00e9n un excelente regulador del tr\u00e1nsito intestinal. Previene el estre\u00f1imiento, favorece una buena digesti\u00f3n, estimula los jugos g\u00e1stricos y hace venir la gana y como otras plantas afines, combate los gases, la hinchaz\u00f3n abdominal, los meteorismos y la aerofagia.<\/p>\n","protected":false},"featured_media":5371,"comment_status":"closed","ping_status":"closed","template":"","meta":[],"class_list":{"0":"post-236","1":"product","2":"type-product","3":"status-publish","4":"has-post-thumbnail","5":"hentry","6":"product_cat-futas-y-verduras","7":"product_cat-verduras","8":"entry","9":"has-media","11":"owp-thumbs-layout-horizontal","12":"owp-btn-normal","13":"owp-tabs-layout-horizontal","14":"has-no-thumbnails"},"_links":{"self":[{"href":"https:\/\/superdonpepe.com\/index.php\/wp-json\/wp\/v2\/product\/236","targetHints":{"allow":["GET"]}}],"collection":[{"href":"https:\/\/superdonpepe.com\/index.php\/wp-json\/wp\/v2\/product"}],"about":[{"href":"https:\/\/superdonpepe.com\/index.php\/wp-json\/wp\/v2\/types\/product"}],"replies":[{"embeddable":true,"href":"https:\/\/superdonpepe.com\/index.php\/wp-json\/wp\/v2\/comments?post=236"}],"wp:featuredmedia":[{"embeddable":true,"href":"https:\/\/superdonpepe.com\/index.php\/wp-json\/wp\/v2\/media\/5371"}],"wp:attachment":[{"href":"https:\/\/superdonpepe.com\/index.php\/wp-json\/wp\/v2\/media?parent=236"}],"curies":[{"name":"wp","href":"https:\/\/api.w.org\/{rel}","templated":true}]}}