{"id":259,"date":"2020-12-16T19:04:17","date_gmt":"2020-12-16T19:04:17","guid":{"rendered":"http:\/\/superdonpepe.com\/?post_type=product&#038;p=259"},"modified":"2022-09-05T21:10:32","modified_gmt":"2022-09-05T21:10:32","slug":"cebolla-morada-por-kilo","status":"publish","type":"product","link":"https:\/\/superdonpepe.com\/index.php\/producto\/cebolla-morada-por-kilo\/","title":{"rendered":"Cebolla morada"},"content":{"rendered":"<p>La\u00a0cebolla\u00a0contiene az\u00facar natural, vitaminas A, B6, C y E. Tambi\u00e9n minerales como el sodio, potasio, hierro y fibra alimentaria. Adem\u00e1s son un buena fuente de \u00e1cido f\u00f3lico. 100 gramos de\u00a0cebolla\u00a0contienen 44 calor\u00edas y 1,4 gramos de fibra.<\/p>\n","protected":false},"excerpt":{"rendered":"<p>La\u00a0cebolla\u00a0contiene az\u00facar natural, vitaminas A, B6, C y E. Tambi\u00e9n minerales como el sodio, potasio, hierro y fibra alimentaria. Adem\u00e1s son un buena fuente de \u00e1cido f\u00f3lico. 100 gramos de\u00a0cebolla\u00a0contienen 44 calor\u00edas y 1,4 gramos de fibra.<\/p>\n","protected":false},"featured_media":5422,"comment_status":"closed","ping_status":"closed","template":"","meta":[],"class_list":{"0":"post-259","1":"product","2":"type-product","3":"status-publish","4":"has-post-thumbnail","5":"hentry","6":"product_cat-futas-y-verduras","7":"product_cat-verduras","8":"entry","9":"has-media","11":"owp-thumbs-layout-horizontal","12":"owp-btn-normal","13":"owp-tabs-layout-horizontal","14":"has-no-thumbnails"},"_links":{"self":[{"href":"https:\/\/superdonpepe.com\/index.php\/wp-json\/wp\/v2\/product\/259","targetHints":{"allow":["GET"]}}],"collection":[{"href":"https:\/\/superdonpepe.com\/index.php\/wp-json\/wp\/v2\/product"}],"about":[{"href":"https:\/\/superdonpepe.com\/index.php\/wp-json\/wp\/v2\/types\/product"}],"replies":[{"embeddable":true,"href":"https:\/\/superdonpepe.com\/index.php\/wp-json\/wp\/v2\/comments?post=259"}],"wp:featuredmedia":[{"embeddable":true,"href":"https:\/\/superdonpepe.com\/index.php\/wp-json\/wp\/v2\/media\/5422"}],"wp:attachment":[{"href":"https:\/\/superdonpepe.com\/index.php\/wp-json\/wp\/v2\/media?parent=259"}],"curies":[{"name":"wp","href":"https:\/\/api.w.org\/{rel}","templated":true}]}}